{"id":35195,"date":"2024-10-02T09:44:51","date_gmt":"2024-10-02T07:44:51","guid":{"rendered":"https:\/\/vitalservice.se\/faq\/"},"modified":"2024-10-09T09:21:23","modified_gmt":"2024-10-09T07:21:23","slug":"faq","status":"publish","type":"page","link":"https:\/\/vitalservice.se\/en\/faq\/","title":{"rendered":"FAQ"},"content":{"rendered":"\t\t<div data-elementor-type=\"wp-page\" data-elementor-id=\"35195\" class=\"elementor elementor-35195 elementor-33806\" data-elementor-post-type=\"page\">\n\t\t\t\t\t\t<section class=\"elementor-section elementor-top-section elementor-element elementor-element-e48b605 elementor-section-boxed elementor-section-height-default elementor-section-height-default\" data-id=\"e48b605\" data-element_type=\"section\" data-e-type=\"section\">\n\t\t\t\t\t\t<div class=\"elementor-container elementor-column-gap-default\">\n\t\t\t\t\t<div class=\"elementor-column elementor-col-100 elementor-top-column elementor-element elementor-element-e9de7fb\" data-id=\"e9de7fb\" data-element_type=\"column\" data-e-type=\"column\">\n\t\t\t<div class=\"elementor-widget-wrap elementor-element-populated\">\n\t\t\t\t\t\t<div class=\"elementor-element elementor-element-a2645fc elementor-widget elementor-widget-heading\" data-id=\"a2645fc\" data-element_type=\"widget\" data-e-type=\"widget\" data-widget_type=\"heading.default\">\n\t\t\t\t<div class=\"elementor-widget-container\">\n\t\t\t\t\t<h2 class=\"elementor-heading-title elementor-size-default\">FAQ SGS<\/h2>\t\t\t\t<\/div>\n\t\t\t\t<\/div>\n\t\t\t\t<div class=\"elementor-element elementor-element-318425b elementor-widget elementor-widget-elementskit-faq\" data-id=\"318425b\" data-element_type=\"widget\" data-e-type=\"widget\" data-widget_type=\"elementskit-faq.default\">\n\t\t\t\t<div class=\"elementor-widget-container\">\n\t\t\t\t\t<div class=\"ekit-wid-con\" >\n                <div class=\"elementskit-single-faq elementor-repeater-item-7273095\">\n            <div class=\"elementskit-faq-header\">\n                <h2 class=\"elementskit-faq-title\">Vart ska jag l\u00e4mna in mina nycklar?<\/h2>\n            <\/div>\n            <div class=\"elementskit-faq-body\">\n                P\u00e5 v\u00e5rt kontor bel\u00e4get p\u00e5 Vital Service, Datav\u00e4agen 14B, 436 42 Askim             <\/div>\n        <\/div>\n                <div class=\"elementskit-single-faq elementor-repeater-item-0abdd7f\">\n            <div class=\"elementskit-faq-header\">\n                <h2 class=\"elementskit-faq-title\">N\u00e4r ska jag l\u00e4mna mina nycklar? <\/h2>\n            <\/div>\n            <div class=\"elementskit-faq-body\">\n                Senast en dag innan f\u00f6rsta dagen i flyttst\u00e4dsspannet som angivits vid best\u00e4llningen.             <\/div>\n        <\/div>\n                <div class=\"elementskit-single-faq elementor-repeater-item-007e5f9\">\n            <div class=\"elementskit-faq-header\">\n                <h2 class=\"elementskit-faq-title\">F\u00e5r jag bo kvar i bostaden efter flyttst\u00e4dningen har skett? <\/h2>\n            <\/div>\n            <div class=\"elementskit-faq-body\">\n                Nej            <\/div>\n        <\/div>\n                <div class=\"elementskit-single-faq elementor-repeater-item-f80223a\">\n            <div class=\"elementskit-faq-header\">\n                <h2 class=\"elementskit-faq-title\">Vad inneb\u00e4r garantin? <\/h2>\n            <\/div>\n            <div class=\"elementskit-faq-body\">\n                Vital garanterar att st\u00e4dningen \u00e4r i godk\u00e4nt skick f\u00f6r n\u00e4stkommande hyresg\u00e4st, enligt SGSs standard.             <\/div>\n        <\/div>\n                <div class=\"elementskit-single-faq elementor-repeater-item-3fb2912\">\n            <div class=\"elementskit-faq-header\">\n                <h2 class=\"elementskit-faq-title\">N\u00e4r\/hur f\u00e5r jag l\u00e4ttast tag p\u00e5 er? <\/h2>\n            <\/div>\n            <div class=\"elementskit-faq-body\">\n                Via v\u00e5ran mejl order@vitalservice.se            <\/div>\n        <\/div>\n                <div class=\"elementskit-single-faq elementor-repeater-item-f72ed1c\">\n            <div class=\"elementskit-faq-header\">\n                <h2 class=\"elementskit-faq-title\">Hur best\u00e4ller jag? <\/h2>\n            <\/div>\n            <div class=\"elementskit-faq-body\">\n                Via hemsidan, www.vitalservice.se\/flyttstad             <\/div>\n        <\/div>\n                <div class=\"elementskit-single-faq elementor-repeater-item-27709ca\">\n            <div class=\"elementskit-faq-header\">\n                <h2 class=\"elementskit-faq-title\">Finns det ett sista datum f\u00f6r best\u00e4llning? <\/h2>\n            <\/div>\n            <div class=\"elementskit-faq-body\">\n                Senast tv\u00e5 veckor innan m\u00e5nadsskiftet m\u00e5ste best\u00e4llningen vara lagd f\u00f6r att undvika extra kostnader.             <\/div>\n        <\/div>\n                <div class=\"elementskit-single-faq elementor-repeater-item-537b3f1\">\n            <div class=\"elementskit-faq-header\">\n                <h2 class=\"elementskit-faq-title\">Beh\u00f6ver jag f\u00f6rbereda n\u00e5got innan jag l\u00e4mnar nycklarna? <\/h2>\n            <\/div>\n            <div class=\"elementskit-faq-body\">\n                St\u00e4nga av kyl\/frys, frosta av frysen. T\u00f6mma l\u00e4genheten p\u00e5 personliga m\u00f6bler och tillh\u00f6righeter             <\/div>\n        <\/div>\n                <div class=\"elementskit-single-faq elementor-repeater-item-5f26ce2\">\n            <div class=\"elementskit-faq-header\">\n                <h2 class=\"elementskit-faq-title\">M\u00e5ste jag g\u00f6ra n\u00e5got efter jag l\u00e4mnat nycklarna? <\/h2>\n            <\/div>\n            <div class=\"elementskit-faq-body\">\n                Nej             <\/div>\n        <\/div>\n                <div class=\"elementskit-single-faq elementor-repeater-item-84cfd05\">\n            <div class=\"elementskit-faq-header\">\n                <h2 class=\"elementskit-faq-title\">Vad h\u00e4nder efter jag l\u00e4mnat nycklarna? <\/h2>\n            <\/div>\n            <div class=\"elementskit-faq-body\">\n                Nycklarna l\u00e4mnas till ansvarig gruppledare som tilldelar och planerar uppdraget. Vital \u00f6verl\u00e4mnar sedan nycklarna till SGS efter utf\u00f6rt och besiktat arbete.             <\/div>\n        <\/div>\n                <div class=\"elementskit-single-faq elementor-repeater-item-11b8a2b\">\n            <div class=\"elementskit-faq-header\">\n                <h2 class=\"elementskit-faq-title\">Har ett rum p\u00e5 19kvm, kan jag best\u00e4lla er tj\u00e4nst? <\/h2>\n            <\/div>\n            <div class=\"elementskit-faq-body\">\n                Via hemsidan, www.vitalservice.se\/flyttstad             <\/div>\n        <\/div>\n                <div class=\"elementskit-single-faq elementor-repeater-item-4bcf3c0\">\n            <div class=\"elementskit-faq-header\">\n                <h2 class=\"elementskit-faq-title\">Jag bor i ett rum med delat k\u00f6k, st\u00e4dar ni i k\u00f6ket ocks\u00e5? <\/h2>\n            <\/div>\n            <div class=\"elementskit-faq-body\">\n                Ja det g\u00f6r vi, Informationen beh\u00f6ver l\u00e4mnas i best\u00e4llningen genom att klicka i att man har delat k\u00f6k.             <\/div>\n        <\/div>\n                <div class=\"elementskit-single-faq elementor-repeater-item-5271cf0\">\n            <div class=\"elementskit-faq-header\">\n                <h2 class=\"elementskit-faq-title\">Om jag inte har svenskt personnummer, kan jag f\u00e5 RUT d\u00e5? <\/h2>\n            <\/div>\n            <div class=\"elementskit-faq-body\">\n                Nej            <\/div>\n        <\/div>\n                <div class=\"elementskit-single-faq elementor-repeater-item-22501f4\">\n            <div class=\"elementskit-faq-header\">\n                <h2 class=\"elementskit-faq-title\">F\u00e5r jag en bekr\u00e4ftelse n\u00e4r den \u00e4r klar? <\/h2>\n            <\/div>\n            <div class=\"elementskit-faq-body\">\n                Nej            <\/div>\n        <\/div>\n                <div class=\"elementskit-single-faq elementor-repeater-item-4d2ec73\">\n            <div class=\"elementskit-faq-header\">\n                <h2 class=\"elementskit-faq-title\">Kan ni m\u00f6ta upp mig vid l\u00e4genheten? <\/h2>\n            <\/div>\n            <div class=\"elementskit-faq-body\">\n                Nej            <\/div>\n        <\/div>\n                <div class=\"elementskit-single-faq elementor-repeater-item-8d68556\">\n            <div class=\"elementskit-faq-header\">\n                <h2 class=\"elementskit-faq-title\">L\u00e4mnar ni \u00e5ter nyckeln? <\/h2>\n            <\/div>\n            <div class=\"elementskit-faq-body\">\n                Ja till SGS vid m\u00e5nadsskiftet             <\/div>\n        <\/div>\n                <div class=\"elementskit-single-faq elementor-repeater-item-beec17f\">\n            <div class=\"elementskit-faq-header\">\n                <h2 class=\"elementskit-faq-title\">F\u00e5r jag rabatten via SGS? <\/h2>\n            <\/div>\n            <div class=\"elementskit-faq-body\">\n                Ni tar del av det rabatterade priset som SGS har f\u00f6rhandlat fram f\u00f6r de studenter som bor hos SGS.             <\/div>\n        <\/div>\n                <div class=\"elementskit-single-faq elementor-repeater-item-df7cabf\">\n            <div class=\"elementskit-faq-header\">\n                <h2 class=\"elementskit-faq-title\">Kan bov\u00e4rden g\u00f6ra den tekniska besiktningen medan ni st\u00e4dar? <\/h2>\n            <\/div>\n            <div class=\"elementskit-faq-body\">\n                Ja            <\/div>\n        <\/div>\n                <div class=\"elementskit-single-faq elementor-repeater-item-29d9db4\">\n            <div class=\"elementskit-faq-header\">\n                <h2 class=\"elementskit-faq-title\">Kan jag ha saker kvar som ska tas \u00f6ver fr\u00e5n n\u00e4sta hyresg\u00e4st? <\/h2>\n            <\/div>\n            <div class=\"elementskit-faq-body\">\n                Ja, m\u00e4rk dessa tydligt och skriv \u00e4ven i best\u00e4llningen vad som finns kvar s\u00e5 det \u00e4r tydligt s\u00e5 inget sl\u00e4ngs i on\u00f6dan.             <\/div>\n        <\/div>\n                <div class=\"elementskit-single-faq elementor-repeater-item-55fbfef\">\n            <div class=\"elementskit-faq-header\">\n                <h2 class=\"elementskit-faq-title\">Kan jag betala kontant? <\/h2>\n            <\/div>\n            <div class=\"elementskit-faq-body\">\n                Nej            <\/div>\n        <\/div>\n                <div class=\"elementskit-single-faq elementor-repeater-item-d440241\">\n            <div class=\"elementskit-faq-header\">\n                <h2 class=\"elementskit-faq-title\">Om n\u00e5got \u00e4r fel eller \u00e4r ett hinder f\u00f6r att utf\u00f6ra min best\u00e4llning, hur vet jag det? <\/h2>\n            <\/div>\n            <div class=\"elementskit-faq-body\">\n                Vi kontaktar dig som hyresg\u00e4st om n\u00e5got skulle vara fel.             <\/div>\n        <\/div>\n                <div class=\"elementskit-single-faq elementor-repeater-item-fa4b155\">\n            <div class=\"elementskit-faq-header\">\n                <h2 class=\"elementskit-faq-title\">Kan min mamma\/pappa st\u00e5 p\u00e5 best\u00e4llningen? <\/h2>\n            <\/div>\n            <div class=\"elementskit-faq-body\">\n                Nej             <\/div>\n        <\/div>\n                <div class=\"elementskit-single-faq elementor-repeater-item-2d8aeb5\">\n            <div class=\"elementskit-faq-header\">\n                <h2 class=\"elementskit-faq-title\">Vad \u00e4r RUT? <\/h2>\n            <\/div>\n            <div class=\"elementskit-faq-body\">\n                Skatteavdrag f\u00f6r hush\u00e5llsn\u00e4ratj\u00e4nster. L\u00e4s mer p\u00e5 www.skatteverket.se             <\/div>\n        <\/div>\n                <div class=\"elementskit-single-faq elementor-repeater-item-cccbbbc\">\n            <div class=\"elementskit-faq-header\">\n                <h2 class=\"elementskit-faq-title\">Varf\u00f6r kan jag inte ringa er varje dag? <\/h2>\n            <\/div>\n            <div class=\"elementskit-faq-body\">\n                Administrationen f\u00f6r uppdragen ska h\u00e5llas i s\u00e5 liten skala som m\u00f6jligt f\u00f6r att vidh\u00e5lla ett l\u00e5gt pris f\u00f6r studenterna. Mycket av informationen finns att h\u00e4mta p\u00e5 v\u00e5r hemsida f\u00f6r egen l\u00e4sning.             <\/div>\n        <\/div>\n                <div class=\"elementskit-single-faq elementor-repeater-item-0a91fe1\">\n            <div class=\"elementskit-faq-header\">\n                <h2 class=\"elementskit-faq-title\">Genomf\u00f6r ni st\u00e4dningar p\u00e5 helger\/helgdagar? <\/h2>\n            <\/div>\n            <div class=\"elementskit-faq-body\">\n                Nej            <\/div>\n        <\/div>\n                <div class=\"elementskit-single-faq elementor-repeater-item-5f5e838\">\n            <div class=\"elementskit-faq-header\">\n                <h2 class=\"elementskit-faq-title\">Hur m\u00e5nga dagar beh\u00f6ver spannet vara f\u00f6r att det ska bli en smitig st\u00e4dning f\u00f6r er? <\/h2>\n            <\/div>\n            <div class=\"elementskit-faq-body\">\n                Minst 3 dagar men helst 1 vecka.              <\/div>\n        <\/div>\n                <div class=\"elementskit-single-faq elementor-repeater-item-82aefe8\">\n            <div class=\"elementskit-faq-header\">\n                <h2 class=\"elementskit-faq-title\">Vilka dagar och tider kan jag ringa er?<\/h2>\n            <\/div>\n            <div class=\"elementskit-faq-body\">\n                Onsdag - Fredag 09:00-15:00            <\/div>\n        <\/div>\n                \n    <\/div>\t\t\t\t<\/div>\n\t\t\t\t<\/div>\n\t\t\t\t\t<\/div>\n\t\t<\/div>\n\t\t\t\t\t<\/div>\n\t\t<\/section>\n\t\t\t\t<\/div>\n\t\t","protected":false},"excerpt":{"rendered":"<p>FAQ SGS Vart ska jag l\u00e4mna in mina nycklar? P\u00e5 v\u00e5rt kontor bel\u00e4get p\u00e5 Vital Service, Datav\u00e4agen 14B, 436 42 Askim N\u00e4r ska jag l\u00e4mna mina nycklar? Senast en dag innan f\u00f6rsta dagen i flyttst\u00e4dsspannet som angivits vid best\u00e4llningen. F\u00e5r jag bo kvar i bostaden efter flyttst\u00e4dningen har skett? Nej Vad inneb\u00e4r garantin? Vital garanterar [&hellip;]<\/p>\n","protected":false},"author":5,"featured_media":0,"parent":0,"menu_order":0,"comment_status":"closed","ping_status":"closed","template":"","meta":{"_eb_attr":"","footnotes":""},"class_list":["post-35195","page","type-page","status-publish","hentry","entry"],"_links":{"self":[{"href":"https:\/\/vitalservice.se\/en\/wp-json\/wp\/v2\/pages\/35195","targetHints":{"allow":["GET"]}}],"collection":[{"href":"https:\/\/vitalservice.se\/en\/wp-json\/wp\/v2\/pages"}],"about":[{"href":"https:\/\/vitalservice.se\/en\/wp-json\/wp\/v2\/types\/page"}],"author":[{"embeddable":true,"href":"https:\/\/vitalservice.se\/en\/wp-json\/wp\/v2\/users\/5"}],"replies":[{"embeddable":true,"href":"https:\/\/vitalservice.se\/en\/wp-json\/wp\/v2\/comments?post=35195"}],"version-history":[{"count":2,"href":"https:\/\/vitalservice.se\/en\/wp-json\/wp\/v2\/pages\/35195\/revisions"}],"predecessor-version":[{"id":35225,"href":"https:\/\/vitalservice.se\/en\/wp-json\/wp\/v2\/pages\/35195\/revisions\/35225"}],"wp:attachment":[{"href":"https:\/\/vitalservice.se\/en\/wp-json\/wp\/v2\/media?parent=35195"}],"curies":[{"name":"wp","href":"https:\/\/api.w.org\/{rel}","templated":true}]}}